{"id":25318,"date":"2022-09-13T14:55:00","date_gmt":"2022-09-13T12:55:00","guid":{"rendered":"https:\/\/vahana.fr\/?post_type=product&#038;p=25318"},"modified":"2026-04-29T23:45:11","modified_gmt":"2026-04-29T21:45:11","slug":"megaball-midiball","status":"publish","type":"product","link":"https:\/\/vahana.fr\/en\/products\/megaball-midiball\/","title":{"rendered":"net for the MIDI and MEGA ball"},"content":{"rendered":"<p><\/p>\r\n<p><\/p>\r\n<p><\/p>\r\n<p><\/p>\r\n<p><\/p>\r\n<p><\/p>\r\n<p><\/p>\r\n<p><\/p>\r\n<h1>Le filet de rangement permet de stocker durablement vos ballons d\u2019exercices.<\/h1>\r\n<h2>Utilisation<\/h2>\r\n<ul>\r\n<li>Accrochez-le o\u00f9 vous voulez : sellerie, garage, terrasse couverte\u2026<\/li>\r\n<li>Il prot\u00e8ge la Megaball, Midiball et tous les ballons de yoga disponibles sur le march\u00e9 en les sur\u00e9levant du sol.<\/li>\r\n<\/ul>\r\n<div>Disponible en 2 tailles, c\u2019est l\u2019accessoire indispensable pour ranger les ballons volumineux !<\/div>\r\n<ul>\r\n<li>Filet rouge : ballon jusqu\u2019\u00e0 65 cm de diam\u00e8tre<\/li>\r\n<li>Filet noir : ballons jusqu\u2019\u00e0 115 cm de diam\u00e8tre<\/li>\r\n<\/ul>\r\n<h2>\u00a0<\/h2>\r\n<p>&nbsp;<\/p>\r\n<p><\/p>\r\n<p><\/p>\r\n<p>&nbsp;<\/p>\r\n<p><\/p>\r\n<p><\/p>\r\n<p>&nbsp;<\/p>\r\n<p><\/p>\r\n<p><\/p>\r\n<p>&nbsp;<\/p>\r\n<p><\/p>\r\n<p><\/p>\r\n<p><\/p>\r\n<p><\/p>\r\n<p><\/p>\r\n<p><\/p>\r\n<p><\/p>\r\n<p><\/p>","protected":false},"excerpt":{"rendered":"<p>The net to put away the biggest balls!<\/p>\n","protected":false},"featured_media":25591,"comment_status":"open","ping_status":"closed","template":"","meta":{"_acf_changed":false},"product_brand":[],"product_cat":[300],"product_tag":[459,465,473,463,467,468],"class_list":{"0":"post-25318","1":"product","2":"type-product","3":"status-publish","4":"has-post-thumbnail","6":"product_cat-confidence","7":"product_tag-confidence","8":"product_tag-foal","9":"product_tag-habit","10":"product_tag-horse-ball","11":"product_tag-horse-education","12":"product_tag-vahana-en","13":"pa_taille-bal-mega-o-105cm","14":"pa_taille-bal-midi-o-65cm","15":"tm-no-options","17":"first","18":"instock","19":"taxable","20":"shipping-taxable","21":"purchasable","22":"product-type-variable"},"acf":[],"_links":{"self":[{"href":"https:\/\/vahana.fr\/en\/wp-json\/wp\/v2\/product\/25318","targetHints":{"allow":["GET"]}}],"collection":[{"href":"https:\/\/vahana.fr\/en\/wp-json\/wp\/v2\/product"}],"about":[{"href":"https:\/\/vahana.fr\/en\/wp-json\/wp\/v2\/types\/product"}],"replies":[{"embeddable":true,"href":"https:\/\/vahana.fr\/en\/wp-json\/wp\/v2\/comments?post=25318"}],"wp:featuredmedia":[{"embeddable":true,"href":"https:\/\/vahana.fr\/en\/wp-json\/wp\/v2\/media\/25591"}],"wp:attachment":[{"href":"https:\/\/vahana.fr\/en\/wp-json\/wp\/v2\/media?parent=25318"}],"wp:term":[{"taxonomy":"product_brand","embeddable":true,"href":"https:\/\/vahana.fr\/en\/wp-json\/wp\/v2\/product_brand?post=25318"},{"taxonomy":"product_cat","embeddable":true,"href":"https:\/\/vahana.fr\/en\/wp-json\/wp\/v2\/product_cat?post=25318"},{"taxonomy":"product_tag","embeddable":true,"href":"https:\/\/vahana.fr\/en\/wp-json\/wp\/v2\/product_tag?post=25318"}],"curies":[{"name":"wp","href":"https:\/\/api.w.org\/{rel}","templated":true}]}}